{"id":214,"date":"2013-07-07T18:25:57","date_gmt":"2013-07-07T16:25:57","guid":{"rendered":"http:\/\/svnussbach.de\/wordpress\/?page_id=214"},"modified":"2024-11-09T12:37:55","modified_gmt":"2024-11-09T10:37:55","slug":"kontakt","status":"publish","type":"page","link":"http:\/\/svnussbach.de\/?page_id=214","title":{"rendered":"Kontakt"},"content":{"rendered":"<h2>Kontakt zu den Verantwortlichen beim SV Nu\u00dfbach<\/h2>\n<p>Sankt-Josefstra\u00dfe 2b<br \/>\n77704 Oberkirch-Nu\u00dfbach<br \/>\nEmail: vereinsverwaltung[at]svnussbach.de<br \/>\nWebsite: www.svnussbach.de<br \/>\nTelefon Sportheim &#8222;Chez Bomber&#8220;: +497805\/5610<\/p>\n<h2>Post-Anschrift<\/h2>\n<p>SV Nu\u00dfbach 1923 e.V.<\/p>\n<p>Albert-Schweitzer-Str. 6<\/p>\n<p>77704 Oberkirch-Nu\u00dfbach<\/p>\n","protected":false},"excerpt":{"rendered":"<p>Kontakt zu den Verantwortlichen beim SV Nu\u00dfbach Sankt-Josefstra\u00dfe 2b 77704 Oberkirch-Nu\u00dfbach Email: vereinsverwaltung[at]svnussbach.de Website: www.svnussbach.de Telefon Sportheim &#8222;Chez Bomber&#8220;: +497805\/5610 Post-Anschrift SV Nu\u00dfbach 1923 e.V&#8230;.<\/p>\n","protected":false},"author":1,"featured_media":0,"parent":0,"menu_order":0,"comment_status":"open","ping_status":"closed","template":"page-template-fullwidth.php","meta":[],"_links":{"self":[{"href":"http:\/\/svnussbach.de\/index.php?rest_route=\/wp\/v2\/pages\/214"}],"collection":[{"href":"http:\/\/svnussbach.de\/index.php?rest_route=\/wp\/v2\/pages"}],"about":[{"href":"http:\/\/svnussbach.de\/index.php?rest_route=\/wp\/v2\/types\/page"}],"author":[{"embeddable":true,"href":"http:\/\/svnussbach.de\/index.php?rest_route=\/wp\/v2\/users\/1"}],"replies":[{"embeddable":true,"href":"http:\/\/svnussbach.de\/index.php?rest_route=%2Fwp%2Fv2%2Fcomments&post=214"}],"version-history":[{"count":10,"href":"http:\/\/svnussbach.de\/index.php?rest_route=\/wp\/v2\/pages\/214\/revisions"}],"predecessor-version":[{"id":1168,"href":"http:\/\/svnussbach.de\/index.php?rest_route=\/wp\/v2\/pages\/214\/revisions\/1168"}],"wp:attachment":[{"href":"http:\/\/svnussbach.de\/index.php?rest_route=%2Fwp%2Fv2%2Fmedia&parent=214"}],"curies":[{"name":"wp","href":"https:\/\/api.w.org\/{rel}","templated":true}]}}