{"id":113,"date":"2013-05-31T17:18:06","date_gmt":"2013-05-31T15:18:06","guid":{"rendered":"http:\/\/svnussbach.de\/wordpress\/?page_id=113"},"modified":"2024-11-19T12:36:06","modified_gmt":"2024-11-19T10:36:06","slug":"mitgliedschaft","status":"publish","type":"page","link":"http:\/\/svnussbach.de\/?page_id=113","title":{"rendered":"Mitgliedschaft"},"content":{"rendered":"<h4><\/h4>\n<h4><span style=\"text-decoration: underline;\">Antrag zur Mitgliedschaft<\/span><\/h4>\n<p><a href=\"http:\/\/svnussbach.de\/wordpress\/wp-content\/uploads\/2013\/05\/Beitrittserkl%C3%A4rung_SVN_9-2013.pdf\" target=\"_blank\" rel=\"noopener\"><img loading=\"lazy\" class=\"alignleft size-medium wp-image-541\" src=\"http:\/\/svnussbach.de\/wordpress\/wp-content\/uploads\/2013\/05\/beitrittserkl.jpg\" alt=\"beitrittserkl\" width=\"107\" height=\"155\" \/><\/a><\/p>\n<p>Werden Sie Mitglied beim SV Nu\u00dfbach und unterst\u00fctzen Sie den Verein ob aktiv oder auch einfach nur als passives Mitglied!<\/p>\n<p>Jeder der m\u00f6chte, kann bei uns Mitglied werden. Wir machen keine Unterschiede zwischen Alt und Jung, jeder ist herzlich willkommen.<br \/>\nUnsere Trainer f\u00fcgen Neumitglieder nahtlos in die Teams ein, sie betreuen Sie qualifiziert und beraten Sie gerne n\u00e4her zu unserem Sportangebot. Wir freuen uns immer \u00fcber neue Mitglieder, die Interesse haben, sich in das Vereinsgeschehen mit einzubringen.<\/p>\n<p>Hier geht es zur <a href=\"https:\/\/verein.dfbnet.org\/mitgliedsantrag\/svnussbach\" target=\"_blank\" rel=\"noopener\">Online-Anmeldung<\/a><br \/>\noder Formular <a href=\"http:\/\/svnussbach.de\/wordpress\/wp-content\/uploads\/2013\/05\/Beitrittserkl%C3%A4rung_SVN_9-2013.pdf\" target=\"_blank\" rel=\"noopener\">hier Downloaden<\/a>, ausf\u00fcllen, abgeben und Mitglied werden!<\/p>\n<h4><\/h4>\n<h4><span style=\"text-decoration: underline;\">Infos zum Mitgliedsbeitrag<\/span><\/h4>\n<p>In der Jahreshauptversammlung vom 3. Mai 2014 wurde der Jahresbeitrag des SV Nu\u00dfbach angepasst. Die neuen Beitr\u00e4ge ab 2014 betragen:<\/p>\n<ul>\n<li>passive Mitglieder: 15 \u20ac<\/li>\n<li>aktive Mitglieder: 40 \u20ac<\/li>\n<li>Jugendbeitrag: 40 \u20ac<\/li>\n<\/ul>\n<p>Einf\u00fchrung Familienbeitrag (NUR f\u00fcr aktive Mitglieder):<br \/>\nAb 2014 wird ein Familienbeitrag eingef\u00fchrt. Der Aktivenbeitrag reduziert sich bei einem 2. Familienmitglied auf 75 %, auf 50 % f\u00fcr das 3. Mitglied, alle weiteren aktiven Familienmitglieder sind beitragsfrei.<\/p>\n<p>Weitere Infos zum Mitgliedsbeitrag\u00a0finden Sie in der PDF\u00a0<a href=\"http:\/\/svnussbach.de\/wordpress\/wp-content\/uploads\/2013\/05\/Mitgliedsbeitrag_neu_2014_SVN.pdf\">Mitgliedsbeitrag_neu_2014_SVN<\/a>\u00a0.<\/p>\n","protected":false},"excerpt":{"rendered":"<p>Antrag zur Mitgliedschaft Werden Sie Mitglied beim SV Nu\u00dfbach und unterst\u00fctzen Sie den Verein ob aktiv oder auch einfach nur als passives Mitglied! Jeder der&#8230;<\/p>\n","protected":false},"author":1,"featured_media":0,"parent":0,"menu_order":0,"comment_status":"open","ping_status":"open","template":"page-template-fullwidth.php","meta":[],"_links":{"self":[{"href":"http:\/\/svnussbach.de\/index.php?rest_route=\/wp\/v2\/pages\/113"}],"collection":[{"href":"http:\/\/svnussbach.de\/index.php?rest_route=\/wp\/v2\/pages"}],"about":[{"href":"http:\/\/svnussbach.de\/index.php?rest_route=\/wp\/v2\/types\/page"}],"author":[{"embeddable":true,"href":"http:\/\/svnussbach.de\/index.php?rest_route=\/wp\/v2\/users\/1"}],"replies":[{"embeddable":true,"href":"http:\/\/svnussbach.de\/index.php?rest_route=%2Fwp%2Fv2%2Fcomments&post=113"}],"version-history":[{"count":23,"href":"http:\/\/svnussbach.de\/index.php?rest_route=\/wp\/v2\/pages\/113\/revisions"}],"predecessor-version":[{"id":1192,"href":"http:\/\/svnussbach.de\/index.php?rest_route=\/wp\/v2\/pages\/113\/revisions\/1192"}],"wp:attachment":[{"href":"http:\/\/svnussbach.de\/index.php?rest_route=%2Fwp%2Fv2%2Fmedia&parent=113"}],"curies":[{"name":"wp","href":"https:\/\/api.w.org\/{rel}","templated":true}]}}